{"id":64188,"date":"2023-03-15T15:55:01","date_gmt":"2023-03-15T18:55:01","guid":{"rendered":"https:\/\/dev.novo.safras.com.br\/es\/?post_type=product&#038;p=64188"},"modified":"2024-07-18T00:26:00","modified_gmt":"2024-07-18T03:26:00","slug":"curso-online-comercializacion-de-trigo","status":"publish","type":"product","link":"https:\/\/dev.novo.safras.com.br\/es\/produto\/curso-online-comercializacion-de-trigo\/","title":{"rendered":"Curso Online Comercializaci\u00f3n de <verde>Trigo<\/verde>"},"content":{"rendered":"<h2>Aprenda estrategias que fortalecer\u00e1n sus negociaciones en el sector agro y en su curriculum.<\/h2>\n<p>En el curso de Comercializaci\u00f3n de Trigo se capacita, de forma r\u00e1pida, a trav\u00e9s de una empresa que es pionera en referencia al mercado agr\u00edcola de Argentina y toda Latinoam\u00e9rica y Brasil. Todo el conocimiento que recibir\u00e1 es actualizado y desarrollado por analistas calificados con amplia experiencia en el sector.<\/p>\n<p>El curso fue desarrollado para profesionales de la agroindustria que desean incrementar sus ganancias, utilizando un an\u00e1lisis t\u00e9cnico, informaci\u00f3n actualizada e inteligencia comercial para tomar las mejores decisiones comerciales en los mercados de trigo, soja y ma\u00edz. Con Safras Educacional podr\u00e1 tener acceso gratis a la Plataforma Safras para aplicar sus nuevos conocimientos adquiridos<\/p>\n<h3><span style=\"color: #587806;\">\u00a1Inscr\u00edbase y asegure su lugar!<\/span><\/h3>\n","protected":false},"excerpt":{"rendered":"<p>El curso ofrece un enfoque exhaustivo de las variables que intervienen en la formaci\u00f3n de los precios. Adem\u00e1s, explora aspectos actuales de los modelos de negociaci\u00f3n del trigo, ense\u00f1\u00e1ndole a proyectar tendencias.<\/p>\n<p>Tambi\u00e9n, partiendo del escenario global, lo ayuda a comprender c\u00f3mo se fijan los precios a partir del an\u00e1lisis de series hist\u00f3ricas y de herramientas econom\u00e9tricas para los mercados.<\/p>\n","protected":false},"featured_media":64200,"comment_status":"open","ping_status":"closed","template":"","meta":{"_acf_changed":false},"product_cat":[33],"product_tag":[],"commodity":[49],"professor":[421],"class_list":{"0":"post-64188","1":"product","2":"type-product","3":"status-publish","4":"has-post-thumbnail","6":"product_cat-curso","7":"commodity-trigo","8":"professor-joaquin-azpiroz-arias","10":"first","11":"instock","12":"shipping-taxable","13":"purchasable","14":"product-type-simple"},"acf":[],"yoast_head":"<!-- This site is optimized with the Yoast SEO plugin v23.1 - https:\/\/yoast.com\/wordpress\/plugins\/seo\/ -->\n<title>Curso Online Comercializaci\u00f3n de Trigo - SAFRAS &amp; Mercado<\/title>\n<meta name=\"robots\" content=\"noindex, follow, max-snippet:-1, max-image-preview:large, max-video-preview:-1\" \/>\n<meta property=\"og:locale\" content=\"es_ES\" \/>\n<meta property=\"og:type\" content=\"article\" \/>\n<meta property=\"og:title\" content=\"Curso Online Comercializaci\u00f3n de Trigo - SAFRAS &amp; Mercado\" \/>\n<meta property=\"og:description\" content=\"El curso ofrece un enfoque exhaustivo de las variables que intervienen en la formaci\u00f3n de los precios. Adem\u00e1s, explora aspectos actuales de los modelos de negociaci\u00f3n del trigo, ense\u00f1\u00e1ndole a proyectar tendencias.  Tambi\u00e9n, partiendo del escenario global, lo ayuda a comprender c\u00f3mo se fijan los precios a partir del an\u00e1lisis de series hist\u00f3ricas y de herramientas econom\u00e9tricas para los mercados.\" \/>\n<meta property=\"og:url\" content=\"https:\/\/dev.novo.safras.com.br\/es\/produto\/curso-online-comercializacion-de-trigo\/\" \/>\n<meta property=\"og:site_name\" content=\"SAFRAS &amp; Mercado\" \/>\n<meta property=\"article:modified_time\" content=\"2024-07-18T03:26:00+00:00\" \/>\n<meta property=\"og:image\" content=\"https:\/\/dev.novo.safras.com.br\/es\/wp-content\/uploads\/2023\/03\/MicrosoftTeams-image-_36_-600x600-1.jpg\" \/>\n\t<meta property=\"og:image:width\" content=\"600\" \/>\n\t<meta property=\"og:image:height\" content=\"600\" \/>\n\t<meta property=\"og:image:type\" content=\"image\/jpeg\" \/>\n<meta name=\"twitter:card\" content=\"summary_large_image\" \/>\n<meta name=\"twitter:label1\" content=\"Tiempo de lectura\" \/>\n\t<meta name=\"twitter:data1\" content=\"1 minuto\" \/>\n<script type=\"application\/ld+json\" class=\"yoast-schema-graph\">{\"@context\":\"https:\/\/schema.org\",\"@graph\":[{\"@type\":\"WebPage\",\"@id\":\"https:\/\/dev.novo.safras.com.br\/es\/produto\/curso-online-comercializacion-de-trigo\/\",\"url\":\"https:\/\/dev.novo.safras.com.br\/es\/produto\/curso-online-comercializacion-de-trigo\/\",\"name\":\"Curso Online Comercializaci\u00f3n de Trigo - SAFRAS &amp; Mercado\",\"isPartOf\":{\"@id\":\"https:\/\/dev.novo.safras.com.br\/es\/#website\"},\"primaryImageOfPage\":{\"@id\":\"https:\/\/dev.novo.safras.com.br\/es\/produto\/curso-online-comercializacion-de-trigo\/#primaryimage\"},\"image\":{\"@id\":\"https:\/\/dev.novo.safras.com.br\/es\/produto\/curso-online-comercializacion-de-trigo\/#primaryimage\"},\"thumbnailUrl\":\"https:\/\/dev.novo.safras.com.br\/es\/wp-content\/uploads\/2023\/03\/MicrosoftTeams-image-_36_-600x600-1.jpg\",\"datePublished\":\"2023-03-15T18:55:01+00:00\",\"dateModified\":\"2024-07-18T03:26:00+00:00\",\"breadcrumb\":{\"@id\":\"https:\/\/dev.novo.safras.com.br\/es\/produto\/curso-online-comercializacion-de-trigo\/#breadcrumb\"},\"inLanguage\":\"es\",\"potentialAction\":[{\"@type\":\"ReadAction\",\"target\":[\"https:\/\/dev.novo.safras.com.br\/es\/produto\/curso-online-comercializacion-de-trigo\/\"]}]},{\"@type\":\"ImageObject\",\"inLanguage\":\"es\",\"@id\":\"https:\/\/dev.novo.safras.com.br\/es\/produto\/curso-online-comercializacion-de-trigo\/#primaryimage\",\"url\":\"https:\/\/dev.novo.safras.com.br\/es\/wp-content\/uploads\/2023\/03\/MicrosoftTeams-image-_36_-600x600-1.jpg\",\"contentUrl\":\"https:\/\/dev.novo.safras.com.br\/es\/wp-content\/uploads\/2023\/03\/MicrosoftTeams-image-_36_-600x600-1.jpg\",\"width\":600,\"height\":600,\"caption\":\"MicrosoftTeams image 36 600x600\"},{\"@type\":\"BreadcrumbList\",\"@id\":\"https:\/\/dev.novo.safras.com.br\/es\/produto\/curso-online-comercializacion-de-trigo\/#breadcrumb\",\"itemListElement\":[{\"@type\":\"ListItem\",\"position\":1,\"name\":\"Portada\",\"item\":\"https:\/\/dev.novo.safras.com.br\/es\/\"},{\"@type\":\"ListItem\",\"position\":2,\"name\":\"Productos\",\"item\":\"https:\/\/dev.novo.safras.com.br\/es\/shop\/\"},{\"@type\":\"ListItem\",\"position\":3,\"name\":\"Curso Online Comercializaci\u00f3n de Trigo\"}]},{\"@type\":\"WebSite\",\"@id\":\"https:\/\/dev.novo.safras.com.br\/es\/#website\",\"url\":\"https:\/\/dev.novo.safras.com.br\/es\/\",\"name\":\"SAFRAS &amp; Mercado\",\"description\":\"El ecosistema de agronegocios\",\"potentialAction\":[{\"@type\":\"SearchAction\",\"target\":{\"@type\":\"EntryPoint\",\"urlTemplate\":\"https:\/\/dev.novo.safras.com.br\/es\/?s={search_term_string}\"},\"query-input\":\"required name=search_term_string\"}],\"inLanguage\":\"es\"}]}<\/script>\n<!-- \/ Yoast SEO plugin. -->","yoast_head_json":{"title":"Curso Online Comercializaci\u00f3n de Trigo - SAFRAS &amp; Mercado","robots":{"index":"noindex","follow":"follow","max-snippet":"max-snippet:-1","max-image-preview":"max-image-preview:large","max-video-preview":"max-video-preview:-1"},"og_locale":"es_ES","og_type":"article","og_title":"Curso Online Comercializaci\u00f3n de Trigo - SAFRAS &amp; Mercado","og_description":"El curso ofrece un enfoque exhaustivo de las variables que intervienen en la formaci\u00f3n de los precios. Adem\u00e1s, explora aspectos actuales de los modelos de negociaci\u00f3n del trigo, ense\u00f1\u00e1ndole a proyectar tendencias.  Tambi\u00e9n, partiendo del escenario global, lo ayuda a comprender c\u00f3mo se fijan los precios a partir del an\u00e1lisis de series hist\u00f3ricas y de herramientas econom\u00e9tricas para los mercados.","og_url":"https:\/\/dev.novo.safras.com.br\/es\/produto\/curso-online-comercializacion-de-trigo\/","og_site_name":"SAFRAS &amp; Mercado","article_modified_time":"2024-07-18T03:26:00+00:00","og_image":[{"width":600,"height":600,"url":"https:\/\/dev.novo.safras.com.br\/es\/wp-content\/uploads\/2023\/03\/MicrosoftTeams-image-_36_-600x600-1.jpg","type":"image\/jpeg"}],"twitter_card":"summary_large_image","twitter_misc":{"Tiempo de lectura":"1 minuto"},"schema":{"@context":"https:\/\/schema.org","@graph":[{"@type":"WebPage","@id":"https:\/\/dev.novo.safras.com.br\/es\/produto\/curso-online-comercializacion-de-trigo\/","url":"https:\/\/dev.novo.safras.com.br\/es\/produto\/curso-online-comercializacion-de-trigo\/","name":"Curso Online Comercializaci\u00f3n de Trigo - SAFRAS &amp; Mercado","isPartOf":{"@id":"https:\/\/dev.novo.safras.com.br\/es\/#website"},"primaryImageOfPage":{"@id":"https:\/\/dev.novo.safras.com.br\/es\/produto\/curso-online-comercializacion-de-trigo\/#primaryimage"},"image":{"@id":"https:\/\/dev.novo.safras.com.br\/es\/produto\/curso-online-comercializacion-de-trigo\/#primaryimage"},"thumbnailUrl":"https:\/\/dev.novo.safras.com.br\/es\/wp-content\/uploads\/2023\/03\/MicrosoftTeams-image-_36_-600x600-1.jpg","datePublished":"2023-03-15T18:55:01+00:00","dateModified":"2024-07-18T03:26:00+00:00","breadcrumb":{"@id":"https:\/\/dev.novo.safras.com.br\/es\/produto\/curso-online-comercializacion-de-trigo\/#breadcrumb"},"inLanguage":"es","potentialAction":[{"@type":"ReadAction","target":["https:\/\/dev.novo.safras.com.br\/es\/produto\/curso-online-comercializacion-de-trigo\/"]}]},{"@type":"ImageObject","inLanguage":"es","@id":"https:\/\/dev.novo.safras.com.br\/es\/produto\/curso-online-comercializacion-de-trigo\/#primaryimage","url":"https:\/\/dev.novo.safras.com.br\/es\/wp-content\/uploads\/2023\/03\/MicrosoftTeams-image-_36_-600x600-1.jpg","contentUrl":"https:\/\/dev.novo.safras.com.br\/es\/wp-content\/uploads\/2023\/03\/MicrosoftTeams-image-_36_-600x600-1.jpg","width":600,"height":600,"caption":"MicrosoftTeams image 36 600x600"},{"@type":"BreadcrumbList","@id":"https:\/\/dev.novo.safras.com.br\/es\/produto\/curso-online-comercializacion-de-trigo\/#breadcrumb","itemListElement":[{"@type":"ListItem","position":1,"name":"Portada","item":"https:\/\/dev.novo.safras.com.br\/es\/"},{"@type":"ListItem","position":2,"name":"Productos","item":"https:\/\/dev.novo.safras.com.br\/es\/shop\/"},{"@type":"ListItem","position":3,"name":"Curso Online Comercializaci\u00f3n de Trigo"}]},{"@type":"WebSite","@id":"https:\/\/dev.novo.safras.com.br\/es\/#website","url":"https:\/\/dev.novo.safras.com.br\/es\/","name":"SAFRAS &amp; Mercado","description":"El ecosistema de agronegocios","potentialAction":[{"@type":"SearchAction","target":{"@type":"EntryPoint","urlTemplate":"https:\/\/dev.novo.safras.com.br\/es\/?s={search_term_string}"},"query-input":"required name=search_term_string"}],"inLanguage":"es"}]}},"_links":{"self":[{"href":"https:\/\/dev.novo.safras.com.br\/es\/wp-json\/wp\/v2\/product\/64188","targetHints":{"allow":["GET"]}}],"collection":[{"href":"https:\/\/dev.novo.safras.com.br\/es\/wp-json\/wp\/v2\/product"}],"about":[{"href":"https:\/\/dev.novo.safras.com.br\/es\/wp-json\/wp\/v2\/types\/product"}],"replies":[{"embeddable":true,"href":"https:\/\/dev.novo.safras.com.br\/es\/wp-json\/wp\/v2\/comments?post=64188"}],"version-history":[{"count":7,"href":"https:\/\/dev.novo.safras.com.br\/es\/wp-json\/wp\/v2\/product\/64188\/revisions"}],"predecessor-version":[{"id":64222,"href":"https:\/\/dev.novo.safras.com.br\/es\/wp-json\/wp\/v2\/product\/64188\/revisions\/64222"}],"wp:featuredmedia":[{"embeddable":true,"href":"https:\/\/dev.novo.safras.com.br\/es\/wp-json\/wp\/v2\/media\/64200"}],"wp:attachment":[{"href":"https:\/\/dev.novo.safras.com.br\/es\/wp-json\/wp\/v2\/media?parent=64188"}],"wp:term":[{"taxonomy":"product_cat","embeddable":true,"href":"https:\/\/dev.novo.safras.com.br\/es\/wp-json\/wp\/v2\/product_cat?post=64188"},{"taxonomy":"product_tag","embeddable":true,"href":"https:\/\/dev.novo.safras.com.br\/es\/wp-json\/wp\/v2\/product_tag?post=64188"},{"taxonomy":"commodity","embeddable":true,"href":"https:\/\/dev.novo.safras.com.br\/es\/wp-json\/wp\/v2\/commodity?post=64188"},{"taxonomy":"professor","embeddable":true,"href":"https:\/\/dev.novo.safras.com.br\/es\/wp-json\/wp\/v2\/professor?post=64188"}],"curies":[{"name":"wp","href":"https:\/\/api.w.org\/{rel}","templated":true}]}}