{"id":64427,"date":"2024-07-17T23:53:35","date_gmt":"2024-07-18T02:53:35","guid":{"rendered":"https:\/\/dev.novo.safras.com.br\/eng\/?post_type=product&#038;p=64427"},"modified":"2024-07-18T00:31:48","modified_gmt":"2024-07-18T03:31:48","slug":"trading-school-del-mercado-de-granos-latina-global","status":"publish","type":"product","link":"https:\/\/dev.novo.safras.com.br\/eng\/product\/trading-school-del-mercado-de-granos-latina-global\/","title":{"rendered":"Curso Online Trading School del <verde>Mercado de Granos<\/verde> \u2013 Mercado de Am\u00e9rica Latina y Global"},"content":{"rendered":"<h2>Aprenda estrategias que fortalecer\u00e1n sus negociaciones en el sector agro y su curr\u00edculum<\/h2>\n<p>Este curso es ideal para cualquier persona que quiera:<\/p>\n<ul>\n<li>Aumentar sus beneficios en operaciones de compra y venta.<\/li>\n<li>Proteger el margen y elaborar estrategias para una mayor eficiencia comercial.<\/li>\n<li>Dominar las t\u00e9cnicas de derivados haciendo la conexi\u00f3n entre el mercado f\u00edsico, los futuros y las opciones.<\/li>\n<li>Aprender t\u00e1cticas para tomar mejores decisiones en la comercializaci\u00f3n de ma\u00edz, soja y trigo.<\/li>\n<\/ul>\n<h3><span style=\"color: #587806;\">\u00a1Inscr\u00edbase y asegure su lugar!<\/span><\/h3>\n","protected":false},"excerpt":{"rendered":"<p>El curso ofrece un enfoque exhaustivo de las variables que intervienen en la formaci\u00f3n de los precios. Adem\u00e1s, explora aspectos actuales de los modelos de negociaci\u00f3n del trigo, ense\u00f1\u00e1ndole a proyectar tendencias.<\/p>\n<p>Tambi\u00e9n, partiendo del escenario global, lo ayuda a comprender c\u00f3mo se fijan los precios a partir del an\u00e1lisis de series hist\u00f3ricas y de herramientas econom\u00e9tricas para los mercados.<\/p>\n","protected":false},"featured_media":64438,"comment_status":"open","ping_status":"closed","template":"","meta":{"_acf_changed":false},"product_cat":[295],"product_tag":[],"commodity":[43,41,46,44,36,38,47,49],"professor":[296],"class_list":{"0":"post-64427","1":"product","2":"type-product","3":"status-publish","4":"has-post-thumbnail","6":"product_cat-curso","7":"commodity-bean","8":"commodity-coffee","9":"commodity-corn","10":"commodity-fertilizer","11":"commodity-precision-agriculture","12":"commodity-rice","13":"commodity-soy","14":"commodity-wheat","15":"professor-joaquin-azpiroz-arias","17":"first","18":"instock","19":"shipping-taxable","20":"purchasable","21":"product-type-simple"},"acf":[],"yoast_head":"<!-- This site is optimized with the Yoast SEO plugin v23.1 - https:\/\/yoast.com\/wordpress\/plugins\/seo\/ -->\n<title>Curso Online Trading School del Mercado de Granos \u2013 Mercado de Am\u00e9rica Latina y Global - SAFRAS &amp; Market<\/title>\n<meta name=\"robots\" content=\"noindex, follow, max-snippet:-1, max-image-preview:large, max-video-preview:-1\" \/>\n<meta property=\"og:locale\" content=\"en_US\" \/>\n<meta property=\"og:type\" content=\"article\" \/>\n<meta property=\"og:title\" content=\"Curso Online Trading School del Mercado de Granos \u2013 Mercado de Am\u00e9rica Latina y Global - SAFRAS &amp; Market\" \/>\n<meta property=\"og:description\" content=\"El curso ofrece un enfoque exhaustivo de las variables que intervienen en la formaci\u00f3n de los precios. Adem\u00e1s, explora aspectos actuales de los modelos de negociaci\u00f3n del trigo, ense\u00f1\u00e1ndole a proyectar tendencias.  Tambi\u00e9n, partiendo del escenario global, lo ayuda a comprender c\u00f3mo se fijan los precios a partir del an\u00e1lisis de series hist\u00f3ricas y de herramientas econom\u00e9tricas para los mercados.\" \/>\n<meta property=\"og:url\" content=\"https:\/\/dev.novo.safras.com.br\/eng\/product\/trading-school-del-mercado-de-granos-latina-global\/\" \/>\n<meta property=\"og:site_name\" content=\"SAFRAS &amp; Market\" \/>\n<meta property=\"article:modified_time\" content=\"2024-07-18T03:31:48+00:00\" \/>\n<meta property=\"og:image\" content=\"https:\/\/dev.novo.safras.com.br\/eng\/wp-content\/uploads\/2024\/07\/MicrosoftTeams-image-_31_-600x600-1.jpg\" \/>\n\t<meta property=\"og:image:width\" content=\"600\" \/>\n\t<meta property=\"og:image:height\" content=\"600\" \/>\n\t<meta property=\"og:image:type\" content=\"image\/jpeg\" \/>\n<meta name=\"twitter:card\" content=\"summary_large_image\" \/>\n<script type=\"application\/ld+json\" class=\"yoast-schema-graph\">{\"@context\":\"https:\/\/schema.org\",\"@graph\":[{\"@type\":\"WebPage\",\"@id\":\"https:\/\/dev.novo.safras.com.br\/eng\/product\/trading-school-del-mercado-de-granos-latina-global\/\",\"url\":\"https:\/\/dev.novo.safras.com.br\/eng\/product\/trading-school-del-mercado-de-granos-latina-global\/\",\"name\":\"Curso Online Trading School del Mercado de Granos \u2013 Mercado de Am\u00e9rica Latina y Global - SAFRAS &amp; Market\",\"isPartOf\":{\"@id\":\"https:\/\/dev.novo.safras.com.br\/eng\/#website\"},\"primaryImageOfPage\":{\"@id\":\"https:\/\/dev.novo.safras.com.br\/eng\/product\/trading-school-del-mercado-de-granos-latina-global\/#primaryimage\"},\"image\":{\"@id\":\"https:\/\/dev.novo.safras.com.br\/eng\/product\/trading-school-del-mercado-de-granos-latina-global\/#primaryimage\"},\"thumbnailUrl\":\"https:\/\/dev.novo.safras.com.br\/eng\/wp-content\/uploads\/2024\/07\/MicrosoftTeams-image-_31_-600x600-1.jpg\",\"datePublished\":\"2024-07-18T02:53:35+00:00\",\"dateModified\":\"2024-07-18T03:31:48+00:00\",\"breadcrumb\":{\"@id\":\"https:\/\/dev.novo.safras.com.br\/eng\/product\/trading-school-del-mercado-de-granos-latina-global\/#breadcrumb\"},\"inLanguage\":\"en-US\",\"potentialAction\":[{\"@type\":\"ReadAction\",\"target\":[\"https:\/\/dev.novo.safras.com.br\/eng\/product\/trading-school-del-mercado-de-granos-latina-global\/\"]}]},{\"@type\":\"ImageObject\",\"inLanguage\":\"en-US\",\"@id\":\"https:\/\/dev.novo.safras.com.br\/eng\/product\/trading-school-del-mercado-de-granos-latina-global\/#primaryimage\",\"url\":\"https:\/\/dev.novo.safras.com.br\/eng\/wp-content\/uploads\/2024\/07\/MicrosoftTeams-image-_31_-600x600-1.jpg\",\"contentUrl\":\"https:\/\/dev.novo.safras.com.br\/eng\/wp-content\/uploads\/2024\/07\/MicrosoftTeams-image-_31_-600x600-1.jpg\",\"width\":600,\"height\":600,\"caption\":\"MicrosoftTeams image 31 600x600 1.jpg\"},{\"@type\":\"BreadcrumbList\",\"@id\":\"https:\/\/dev.novo.safras.com.br\/eng\/product\/trading-school-del-mercado-de-granos-latina-global\/#breadcrumb\",\"itemListElement\":[{\"@type\":\"ListItem\",\"position\":1,\"name\":\"Home\",\"item\":\"https:\/\/dev.novo.safras.com.br\/eng\/\"},{\"@type\":\"ListItem\",\"position\":2,\"name\":\"Products\",\"item\":\"https:\/\/dev.novo.safras.com.br\/eng\/shop\/\"},{\"@type\":\"ListItem\",\"position\":3,\"name\":\"Curso Online Trading School del Mercado de Granos \u2013 Mercado de Am\u00e9rica Latina y Global\"}]},{\"@type\":\"WebSite\",\"@id\":\"https:\/\/dev.novo.safras.com.br\/eng\/#website\",\"url\":\"https:\/\/dev.novo.safras.com.br\/eng\/\",\"name\":\"SAFRAS &amp; Market\",\"description\":\"The Agribusiness Ecosystem\",\"potentialAction\":[{\"@type\":\"SearchAction\",\"target\":{\"@type\":\"EntryPoint\",\"urlTemplate\":\"https:\/\/dev.novo.safras.com.br\/eng\/?s={search_term_string}\"},\"query-input\":\"required name=search_term_string\"}],\"inLanguage\":\"en-US\"}]}<\/script>\n<!-- \/ Yoast SEO plugin. -->","yoast_head_json":{"title":"Curso Online Trading School del Mercado de Granos \u2013 Mercado de Am\u00e9rica Latina y Global - SAFRAS &amp; Market","robots":{"index":"noindex","follow":"follow","max-snippet":"max-snippet:-1","max-image-preview":"max-image-preview:large","max-video-preview":"max-video-preview:-1"},"og_locale":"en_US","og_type":"article","og_title":"Curso Online Trading School del Mercado de Granos \u2013 Mercado de Am\u00e9rica Latina y Global - SAFRAS &amp; Market","og_description":"El curso ofrece un enfoque exhaustivo de las variables que intervienen en la formaci\u00f3n de los precios. Adem\u00e1s, explora aspectos actuales de los modelos de negociaci\u00f3n del trigo, ense\u00f1\u00e1ndole a proyectar tendencias.  Tambi\u00e9n, partiendo del escenario global, lo ayuda a comprender c\u00f3mo se fijan los precios a partir del an\u00e1lisis de series hist\u00f3ricas y de herramientas econom\u00e9tricas para los mercados.","og_url":"https:\/\/dev.novo.safras.com.br\/eng\/product\/trading-school-del-mercado-de-granos-latina-global\/","og_site_name":"SAFRAS &amp; Market","article_modified_time":"2024-07-18T03:31:48+00:00","og_image":[{"width":600,"height":600,"url":"https:\/\/dev.novo.safras.com.br\/eng\/wp-content\/uploads\/2024\/07\/MicrosoftTeams-image-_31_-600x600-1.jpg","type":"image\/jpeg"}],"twitter_card":"summary_large_image","schema":{"@context":"https:\/\/schema.org","@graph":[{"@type":"WebPage","@id":"https:\/\/dev.novo.safras.com.br\/eng\/product\/trading-school-del-mercado-de-granos-latina-global\/","url":"https:\/\/dev.novo.safras.com.br\/eng\/product\/trading-school-del-mercado-de-granos-latina-global\/","name":"Curso Online Trading School del Mercado de Granos \u2013 Mercado de Am\u00e9rica Latina y Global - SAFRAS &amp; Market","isPartOf":{"@id":"https:\/\/dev.novo.safras.com.br\/eng\/#website"},"primaryImageOfPage":{"@id":"https:\/\/dev.novo.safras.com.br\/eng\/product\/trading-school-del-mercado-de-granos-latina-global\/#primaryimage"},"image":{"@id":"https:\/\/dev.novo.safras.com.br\/eng\/product\/trading-school-del-mercado-de-granos-latina-global\/#primaryimage"},"thumbnailUrl":"https:\/\/dev.novo.safras.com.br\/eng\/wp-content\/uploads\/2024\/07\/MicrosoftTeams-image-_31_-600x600-1.jpg","datePublished":"2024-07-18T02:53:35+00:00","dateModified":"2024-07-18T03:31:48+00:00","breadcrumb":{"@id":"https:\/\/dev.novo.safras.com.br\/eng\/product\/trading-school-del-mercado-de-granos-latina-global\/#breadcrumb"},"inLanguage":"en-US","potentialAction":[{"@type":"ReadAction","target":["https:\/\/dev.novo.safras.com.br\/eng\/product\/trading-school-del-mercado-de-granos-latina-global\/"]}]},{"@type":"ImageObject","inLanguage":"en-US","@id":"https:\/\/dev.novo.safras.com.br\/eng\/product\/trading-school-del-mercado-de-granos-latina-global\/#primaryimage","url":"https:\/\/dev.novo.safras.com.br\/eng\/wp-content\/uploads\/2024\/07\/MicrosoftTeams-image-_31_-600x600-1.jpg","contentUrl":"https:\/\/dev.novo.safras.com.br\/eng\/wp-content\/uploads\/2024\/07\/MicrosoftTeams-image-_31_-600x600-1.jpg","width":600,"height":600,"caption":"MicrosoftTeams image 31 600x600 1.jpg"},{"@type":"BreadcrumbList","@id":"https:\/\/dev.novo.safras.com.br\/eng\/product\/trading-school-del-mercado-de-granos-latina-global\/#breadcrumb","itemListElement":[{"@type":"ListItem","position":1,"name":"Home","item":"https:\/\/dev.novo.safras.com.br\/eng\/"},{"@type":"ListItem","position":2,"name":"Products","item":"https:\/\/dev.novo.safras.com.br\/eng\/shop\/"},{"@type":"ListItem","position":3,"name":"Curso Online Trading School del Mercado de Granos \u2013 Mercado de Am\u00e9rica Latina y Global"}]},{"@type":"WebSite","@id":"https:\/\/dev.novo.safras.com.br\/eng\/#website","url":"https:\/\/dev.novo.safras.com.br\/eng\/","name":"SAFRAS &amp; Market","description":"The Agribusiness Ecosystem","potentialAction":[{"@type":"SearchAction","target":{"@type":"EntryPoint","urlTemplate":"https:\/\/dev.novo.safras.com.br\/eng\/?s={search_term_string}"},"query-input":"required name=search_term_string"}],"inLanguage":"en-US"}]}},"_links":{"self":[{"href":"https:\/\/dev.novo.safras.com.br\/eng\/wp-json\/wp\/v2\/product\/64427","targetHints":{"allow":["GET"]}}],"collection":[{"href":"https:\/\/dev.novo.safras.com.br\/eng\/wp-json\/wp\/v2\/product"}],"about":[{"href":"https:\/\/dev.novo.safras.com.br\/eng\/wp-json\/wp\/v2\/types\/product"}],"replies":[{"embeddable":true,"href":"https:\/\/dev.novo.safras.com.br\/eng\/wp-json\/wp\/v2\/comments?post=64427"}],"version-history":[{"count":3,"href":"https:\/\/dev.novo.safras.com.br\/eng\/wp-json\/wp\/v2\/product\/64427\/revisions"}],"predecessor-version":[{"id":64446,"href":"https:\/\/dev.novo.safras.com.br\/eng\/wp-json\/wp\/v2\/product\/64427\/revisions\/64446"}],"wp:featuredmedia":[{"embeddable":true,"href":"https:\/\/dev.novo.safras.com.br\/eng\/wp-json\/wp\/v2\/media\/64438"}],"wp:attachment":[{"href":"https:\/\/dev.novo.safras.com.br\/eng\/wp-json\/wp\/v2\/media?parent=64427"}],"wp:term":[{"taxonomy":"product_cat","embeddable":true,"href":"https:\/\/dev.novo.safras.com.br\/eng\/wp-json\/wp\/v2\/product_cat?post=64427"},{"taxonomy":"product_tag","embeddable":true,"href":"https:\/\/dev.novo.safras.com.br\/eng\/wp-json\/wp\/v2\/product_tag?post=64427"},{"taxonomy":"commodity","embeddable":true,"href":"https:\/\/dev.novo.safras.com.br\/eng\/wp-json\/wp\/v2\/commodity?post=64427"},{"taxonomy":"professor","embeddable":true,"href":"https:\/\/dev.novo.safras.com.br\/eng\/wp-json\/wp\/v2\/professor?post=64427"}],"curies":[{"name":"wp","href":"https:\/\/api.w.org\/{rel}","templated":true}]}}